{"id":1326,"date":"2016-09-20T17:23:18","date_gmt":"2016-09-20T17:23:18","guid":{"rendered":"http:\/\/endoscopiamerida.mx\/?page_id=1326"},"modified":"2017-09-08T15:39:43","modified_gmt":"2017-09-08T15:39:43","slug":"retiro-de-banda-gastrica","status":"publish","type":"page","link":"https:\/\/endoscopiamerida.mx\/en\/retiro-de-banda-gastrica\/","title":{"rendered":"Retiro de Banda G\u00e1strica"},"content":{"rendered":"<p><section id=\"bt_section6a03d87d37156\"  class=\"boldSection btDivider topSemiSpaced bottomSemiSpaced btDarkSkin gutter inherit wBackground cover\" style=\"background-color:#0cb8b6;background-image:url('https:\/\/endoscopiamerida.mx\/wp-content\/uploads\/2015\/12\/bgn-grad.png');\"><div class=\"port\"><div class=\"boldCell\"><div class=\"boldCellInner\"><div class=\"boldRow \" ><div class=\"boldRowInner\"><div class=\"rowItem col-md-12 col-ms-12  btTextLeft animate animate-fadein animate-moveleft inherit\"  ><div class=\"rowItemContent\" ><div class=\"btClear btSeparator topExtraSmallSpaced noBorder\" ><hr><\/div><div class=\"btClear btSeparator topExtraSmallSpaced noBorder\" ><hr><\/div><header class=\"header btClear large  btNormalDash\" ><div class=\"btSuperTitle\">Servicios <\/div><div class=\"dash\"><h2><span class=\"headline\">Retiro de Banda G\u00e1strica<\/span><\/h2><\/div><\/header><\/div><\/div><\/div><\/div><\/div><\/div><\/div><\/section><section id=\"bt_section6a03d87d3726e\"  class=\"boldSection topSpaced gutter inherit\" ><div class=\"port\"><div class=\"boldCell\"><div class=\"boldCellInner\"><div class=\"boldRow \" ><div class=\"boldRowInner\"><div class=\"rowItem col-md-6 col-sm-12 btTextLeft animate animate-fadein animate-moveright btMiddleVertical\"  ><div class=\"rowItemContent\" ><div class=\"bpgPhoto btTextCenter\" ><div class = \"btImage\"><img src=\"https:\/\/endoscopiamerida.mx\/wp-content\/uploads\/2015\/11\/colangiopancreatografia-thumbnail-1.jpg\" alt=\"\" ><\/div><\/div><\/div><\/div><div class=\"rowItem col-md-6 col-sm-12 btTextLeft animate animate-fadein btMiddleVertical btDoublePadding\"  ><div class=\"rowItemContent\" ><div class=\"btClear btSeparator bottomExtraSmallSpaced noBorder\" ><hr><\/div><div class=\"btText\" ><\/p>\n<p>La colangiopancreatograf\u00eda retr\u00f3grada endosc\u00f3pica (CPRE) es un procedimiento empleado para identificar c\u00e1lculos, tumores o estrechamiento en las v\u00edas biliares. El procedimiento se hace a trav\u00e9s de un endoscopio.<\/p>\n<p>Descripci\u00f3n:<\/p>\n<p>Se le colocar\u00e1 una v\u00eda intravenosa en el brazo. Usted se acostar\u00e1 boca abajo o sobre el lado izquierdo para el examen.<\/p>\n<p>Se le administrar\u00e1n medicamentos para relajarlo o sedarlo a trav\u00e9s de una v\u00eda intravenosa.<\/p>\n<p>Algunas veces, tambi\u00e9n se utiliza un aerosol para insensibilizar la garganta. Se colocar\u00e1 un protector bucal para proteger los dientes. Se deben retirar las pr\u00f3tesis dentales.<\/p>\n<p>Despu\u00e9s de que el sedante haga efecto, el endoscopio se introducir\u00e1 a trav\u00e9s de la boca y se pasar\u00e1 a trav\u00e9s del es\u00f3fago y el est\u00f3mago hasta que llegue al duodeno (la parte del intestino delgado que est\u00e1 m\u00e1s cerca del est\u00f3mago).<\/p>\n<p>Usted probablemente no sentir\u00e1 ninguna molestia y tal vez no tenga recuerdos del examen. Puede haber algo de n\u00e1useas mientras la sonda baja por el es\u00f3fago. A medida que se ubique el endoscopio, habr\u00e1 algo de dilataci\u00f3n del est\u00f3mago y el duodeno. Usted podr\u00e1 sentir la dilataci\u00f3n de los conductos.<\/p>\n<p>Se pasar\u00e1 una sonda delgada (cat\u00e9ter) a trav\u00e9s del endoscopio y se introducir\u00e1 en los tubos (conductos) que van al p\u00e1ncreas y a la ves\u00edcula biliar. Se inyectar\u00e1 un tinte especial en estos conductos y se tomar\u00e1n radiograf\u00edas. Esto le ayuda al m\u00e9dico a ver c\u00e1lculos, tumores y cualquier \u00e1rea que se haya estrechado.<\/p>\n<p>Tambi\u00e9n se puedieran colocar instrumentos especiales a trav\u00e9s del endoscopio dentro de los conductos.<\/p>\n<p>\n<\/div><div class=\"btClear btSeparator bottomSmallSpaced noBorder\" ><hr><\/div><\/div><\/div><\/div><\/div><\/div><\/div><\/div><\/section><section id=\"bt_section6a03d87d37642\"  class=\"boldSection btDivider topSemiSpaced bottomSemiSpaced btDarkSkin gutter inherit wBackground cover\" style=\"background-color:#0cb8b6;background-image:url('https:\/\/endoscopiamerida.mx\/wp-content\/uploads\/2015\/12\/bgn-grad.png');\"><div class=\"port\"><div class=\"boldCell\"><div class=\"boldCellInner\"><div class=\"boldRow \" ><div class=\"boldRowInner\"><div class=\"rowItem col-md-12 col-ms-12  btTextLeft animate animate-fadein animate-moveleft inherit\"  ><div class=\"rowItemContent\" ><div class=\"btClear btSeparator topExtraSmallSpaced noBorder\" ><hr><\/div><div class=\"btClear btSeparator topExtraSmallSpaced noBorder\" ><hr><\/div><header class=\"header btClear large  btNormalDash\" ><div class=\"btSuperTitle\">Services<\/div><div class=\"dash\"><h2><span class=\"headline\">Endoscopic retrograde cholangiopancreatography or ERCP<\/span><\/h2><\/div><\/header><\/div><\/div><\/div><\/div><\/div><\/div><\/div><\/section><section id=\"bt_section6a03d87d37745\"  class=\"boldSection topSpaced gutter inherit\" ><div class=\"port\"><div class=\"boldCell\"><div class=\"boldCellInner\"><div class=\"boldRow \" ><div class=\"boldRowInner\"><div class=\"rowItem col-md-6 col-sm-12 btTextLeft animate animate-fadein animate-moveright btMiddleVertical\"  ><div class=\"rowItemContent\" ><div class=\"bpgPhoto btTextCenter\" ><div class = \"btImage\"><img src=\"https:\/\/endoscopiamerida.mx\/wp-content\/uploads\/2015\/11\/colangiopancreatografia-thumbnail-1.jpg\" alt=\"\" ><\/div><\/div><\/div><\/div><div class=\"rowItem col-md-6 col-sm-12 btTextLeft animate animate-fadein btMiddleVertical btDoublePadding\"  ><div class=\"rowItemContent\" ><div class=\"btClear btSeparator bottomExtraSmallSpaced noBorder\" ><hr><\/div><div class=\"btText\" ><\/p>\n<p>Endoscopic retrograde cholangiopancreatography (ERCP) is a procedure used to identify stones, tumors, or narrowing of the bile ducts. The procedure is done through an endoscope.<\/p>\n<p>Description:<br \/>\nAn IV will be placed in your arm. You will lie on your stomach or on your left side for the exam.<br \/>\nYou will be given medicines to relax or sedate you through an intravenous line.<br \/>\nSometimes, an aerosol is also used to numb the throat. A mouth guard will be placed to protect the teeth. Dental prostheses should be removed.<\/p>\n<p>After the sedative takes effect, the endoscope will be inserted through the mouth and passed through the esophagus and stomach until it reaches the duodenum (part of the small intestine that is closest to the stomach).<\/p>\n<p>You probably will not feel any discomfort and may not have memories of the exam. There may be some nausea while the catheter is going down the esophagus. As the endoscope takes place in the right area, there will be some dilation of the stomach and duodenum. You may feel the dilatation of the ducts.<\/p>\n<p>A thin tube (catheter) will be passed through the endoscope and inserted into the tubes (ducts) to the pancreas and gallbladder. A special dye will be injected into these ducts and x-rays will be taken. This helps your doctor see stones, tumors, and any areas that have narrowed.<\/p>\n<p>Special instruments may also be placed through the endoscope into the ducts.<\/p>\n<p>\n<\/div><div class=\"btClear btSeparator bottomSmallSpaced noBorder\" ><hr><\/div><\/div><\/div><\/div><\/div><\/div><\/div><\/div><\/section><\/p>","protected":false},"excerpt":{"rendered":"","protected":false},"author":1,"featured_media":0,"parent":0,"menu_order":0,"comment_status":"closed","ping_status":"closed","template":"","meta":[],"_links":{"self":[{"href":"https:\/\/endoscopiamerida.mx\/en\/wp-json\/wp\/v2\/pages\/1326"}],"collection":[{"href":"https:\/\/endoscopiamerida.mx\/en\/wp-json\/wp\/v2\/pages"}],"about":[{"href":"https:\/\/endoscopiamerida.mx\/en\/wp-json\/wp\/v2\/types\/page"}],"author":[{"embeddable":true,"href":"https:\/\/endoscopiamerida.mx\/en\/wp-json\/wp\/v2\/users\/1"}],"replies":[{"embeddable":true,"href":"https:\/\/endoscopiamerida.mx\/en\/wp-json\/wp\/v2\/comments?post=1326"}],"version-history":[{"count":8,"href":"https:\/\/endoscopiamerida.mx\/en\/wp-json\/wp\/v2\/pages\/1326\/revisions"}],"predecessor-version":[{"id":1640,"href":"https:\/\/endoscopiamerida.mx\/en\/wp-json\/wp\/v2\/pages\/1326\/revisions\/1640"}],"wp:attachment":[{"href":"https:\/\/endoscopiamerida.mx\/en\/wp-json\/wp\/v2\/media?parent=1326"}],"curies":[{"name":"wp","href":"https:\/\/api.w.org\/{rel}","templated":true}]}}