{"id":1274,"date":"2016-09-14T22:04:36","date_gmt":"2016-09-14T22:04:36","guid":{"rendered":"http:\/\/endoscopiamerida.mx\/?page_id=1274"},"modified":"2017-09-08T15:42:02","modified_gmt":"2017-09-08T15:42:02","slug":"ultrasonido-endoscopico-ecoendoscopia","status":"publish","type":"page","link":"https:\/\/endoscopiamerida.mx\/en\/ultrasonido-endoscopico-ecoendoscopia\/","title":{"rendered":"Ultrasonido Endosc\u00f3pico (Ecoendoscop\u00eda)"},"content":{"rendered":"<p><section id=\"bt_section69e88d0f9e20a\"  class=\"boldSection btDivider topSemiSpaced bottomSemiSpaced btDarkSkin gutter inherit wBackground cover\" style=\"background-color:#0cb8b6;background-image:url('https:\/\/endoscopiamerida.mx\/wp-content\/uploads\/2015\/12\/bgn-grad.png');\"><div class=\"port\"><div class=\"boldCell\"><div class=\"boldCellInner\"><div class=\"boldRow \" ><div class=\"boldRowInner\"><div class=\"rowItem col-md-12 col-ms-12  btTextLeft animate animate-fadein animate-moveleft inherit\"  ><div class=\"rowItemContent\" ><div class=\"btClear btSeparator topExtraSmallSpaced noBorder\" ><hr><\/div><div class=\"btClear btSeparator topExtraSmallSpaced noBorder\" ><hr><\/div><header class=\"header btClear large  btNormalDash\" ><div class=\"btSuperTitle\">Servicios <\/div><div class=\"dash\"><h2><span class=\"headline\">Ultrasonido Endosc\u00f3pico o Ecoendoscop\u00eda<\/span><\/h2><\/div><\/header><\/div><\/div><\/div><\/div><\/div><\/div><\/div><\/section><section id=\"bt_section69e88d0f9e415\"  class=\"boldSection topSpaced gutter inherit\" ><div class=\"port\"><div class=\"boldCell\"><div class=\"boldCellInner\"><div class=\"boldRow \" ><div class=\"boldRowInner\"><div class=\"rowItem col-md-6 col-sm-12 btTextLeft animate animate-fadein animate-moveright btMiddleVertical\"  ><div class=\"rowItemContent\" ><div class=\"bpgPhoto btTextCenter\" ><div class = \"btImage\"><img src=\"https:\/\/endoscopiamerida.mx\/wp-content\/uploads\/2016\/09\/ultrasonido-endoscopico-thumbnail-1.jpg\" alt=\"\" ><\/div><\/div><\/div><\/div><div class=\"rowItem col-md-6 col-sm-12 btTextLeft animate animate-fadein btMiddleVertical btDoublePadding\"  ><div class=\"rowItemContent\" ><div class=\"btClear btSeparator bottomExtraSmallSpaced noBorder\" ><hr><\/div><div class=\"btText\" ><\/p>\n<div class=\"btText\">\n<p>El USE es un estudio se realiza con un endoscopio flexible especial que tiene un transductor de ultrasonido en su extremo. Desde el punto de vista del paciente, el USE no es diferente a una endoscop\u00eda com\u00fan.<\/p>\n<p><strong>\u00bfPara qu\u00e9 sirve el USE?<\/strong><\/p>\n<p>El USE proporciona im\u00e1genes muy detalladas de la pared del tubo digestivo y los \u00f3rganos circundantes. Por eso el principal uso del USE es para definir la profundidad de un tumor en es\u00f3fago, est\u00f3mago, recto, o p\u00e1ncreas, entre otros \u00f3rganos. Tambi\u00e9n permite ver si hay ganglios o si invade venas o arterias. Adem\u00e1s, el USE se puede utilizar para diagnosticar las enfermedades benignas del p\u00e1ncreas, del conducto biliar y de la ves\u00edcula cuando quedan dudas con otras pruebas. Tambi\u00e9n es posible tomar biopsias de las lesiones encontradas con una aguja muy delgada y poder llegar a un diagn\u00f3stico definitivo.<\/p>\n<p>Dentro de la endoscopia, es la tecnolog\u00eda m\u00e1s avanzada para el correcto diagnostico de las extensiones tumorales as\u00ed como para tambi\u00e9n realizar procedimientos terap\u00e9uticos que no son posible realizar mediante otros m\u00e9todos.<\/p>\n<p>Hoy en d\u00eda la ECOENDOSCOPIA es el est\u00e1ndar de oro en los pa\u00edses m\u00e1s desarrollados del mundo para el diagnostico, evaluaci\u00f3n y tratamiento de diversas patolog\u00edas en especial del tubo digestivo y tambi\u00e9n de otras \u00e1reas de la medicina; supera en mucho a otros m\u00e9todos diagn\u00f3sticos empleados hasta la fecha ( TOMOGRAF\u00cdA, RESONANCIA MAGN\u00c9TICA, ETC ).<\/p>\n<\/div>\n<p>\n<\/div><div class=\"btClear btSeparator bottomSmallSpaced noBorder\" ><hr><\/div><\/div><\/div><\/div><\/div><\/div><\/div><\/div><\/section><\/p>","protected":false},"excerpt":{"rendered":"","protected":false},"author":1,"featured_media":1275,"parent":0,"menu_order":0,"comment_status":"closed","ping_status":"closed","template":"","meta":[],"_links":{"self":[{"href":"https:\/\/endoscopiamerida.mx\/en\/wp-json\/wp\/v2\/pages\/1274"}],"collection":[{"href":"https:\/\/endoscopiamerida.mx\/en\/wp-json\/wp\/v2\/pages"}],"about":[{"href":"https:\/\/endoscopiamerida.mx\/en\/wp-json\/wp\/v2\/types\/page"}],"author":[{"embeddable":true,"href":"https:\/\/endoscopiamerida.mx\/en\/wp-json\/wp\/v2\/users\/1"}],"replies":[{"embeddable":true,"href":"https:\/\/endoscopiamerida.mx\/en\/wp-json\/wp\/v2\/comments?post=1274"}],"version-history":[{"count":4,"href":"https:\/\/endoscopiamerida.mx\/en\/wp-json\/wp\/v2\/pages\/1274\/revisions"}],"predecessor-version":[{"id":1641,"href":"https:\/\/endoscopiamerida.mx\/en\/wp-json\/wp\/v2\/pages\/1274\/revisions\/1641"}],"wp:featuredmedia":[{"embeddable":true,"href":"https:\/\/endoscopiamerida.mx\/en\/wp-json\/wp\/v2\/media\/1275"}],"wp:attachment":[{"href":"https:\/\/endoscopiamerida.mx\/en\/wp-json\/wp\/v2\/media?parent=1274"}],"curies":[{"name":"wp","href":"https:\/\/api.w.org\/{rel}","templated":true}]}}