{"id":10,"date":"2015-12-02T09:18:03","date_gmt":"2015-12-02T09:18:03","guid":{"rendered":"http:\/\/medical.omnicom-dev.com\/clinic\/?page_id=10"},"modified":"2017-08-22T19:50:29","modified_gmt":"2017-08-22T19:50:29","slug":"doctors-profile","status":"publish","type":"page","link":"https:\/\/endoscopiamerida.mx\/en\/quienes-somos\/doctors-profile\/","title":{"rendered":"Doctors profile"},"content":{"rendered":"<p><section id=\"bt_section6a03f93bac8a9\"  class=\"boldSection btDivider topSemiSpaced bottomSemiSpaced btDarkSkin gutter inherit wBackground cover\" style=\"background-color:#0cb8b6;background-image:url('https:\/\/endoscopiamerida.mx\/wp-content\/uploads\/2015\/12\/bgn-grad.png');\"><div class=\"port\"><div class=\"boldCell\"><div class=\"boldCellInner\"><div class=\"boldRow \" ><div class=\"boldRowInner\"><div class=\"rowItem col-md-4 col-ms-12 btTextRight inherit btNoPadding\"  ><div class=\"rowItemContent\" ><\/div><\/div><div class=\"rowItem col-md-8 col-ms-12 btTextLeft animate animate-fadein animate-moveleft inherit btDoublePadding\"  ><div class=\"rowItemContent\" ><div class=\"btClear btSeparator topExtraSmallSpaced noBorder\" ><hr><\/div><div class=\"btClear btSeparator topExtraSmallSpaced noBorder\" ><hr><\/div><header class=\"header btClear large  btNormalDash\" ><div class=\"btSuperTitle\">Endoscop\u00edsta<\/div><div class=\"dash\"><h2><span class=\"headline\">Dr. Jorge Alberto Garc\u00eda Silva<\/span><\/h2><\/div><\/header><\/div><\/div><\/div><\/div><\/div><\/div><\/div><\/section><section id=\"bt_section6a03f93bacaf9\"  class=\"boldSection topSemiSpaced bottomSpaced gutter inherit\" style=\"background-color:#f1f1f1;\"><div class=\"port\"><div class=\"boldCell\"><div class=\"boldCellInner\"><div class=\"boldRow \" ><div class=\"boldRowInner\"><div class=\"rowItem col-md-4 col-ms-12 btTextLeft animate animate-fadein animate-moveup btTextIndent inherit\" style=\"margin-top: -180px;\" ><div class=\"rowItemContent\" style = \"background-color:#ffffff;\"><div class=\"bpgPhoto btTextCenter\" ><div class = \"btImage\"><img src=\"https:\/\/endoscopiamerida.mx\/wp-content\/uploads\/2015\/11\/foto-perfil.jpg\" alt=\"\" ><\/div><\/div><div class=\"btIconImageRow btIconsHalfHoverPosition\" ><span class=\"btIco btIcoFilledType btIcoMediumSize btIcoAccentColor  btIcoOutline \" ><a href=\"#\"  target = \"no_target\" data-ico-cs=\"&#xe99c;\" class=\"btIcoHolder\"><em><\/em><\/a><\/span><\/div><div class=\"btClear btSeparator topSmallSpaced noBorder\" ><hr><\/div><header class=\"header btClear medium  btNormalDash\" ><div class=\"dash\"><h3><span class=\"headline\">HORARIO<\/span><\/h3><\/div><\/header><div class=\"btClear btSeparator topSmallSpaced noBorder\" ><hr><\/div><div class=\"btWorkingHours  btWorkingHoursHasLink\" ><div class=\"btWorkingHoursInner\"><div class=\"btWorkingHoursInnerRow\"><div class=\"btWorkingHoursInnerTitle\">LUNES A VIERNES 8:00-18:30<\/div><div class=\"btWorkingHoursInnerLink\"><a href=\"\" title=\"<br \/>&#8220;><br \/><\/a><\/div><\/div><div class=\"btWorkingHoursInnerRow\"><div class=\"btWorkingHoursInnerTitle\">S\u00c1BADOS DE 8:00-14:00<br \/><\/div><\/div><div class=\"btWorkingHoursInnerRow\"><div class=\"btWorkingHoursInnerTitle\">DOMINGOS CERRADO<\/div><\/div><\/div><\/div><div class=\"btClear btSeparator bottomSemiSpaced border\" ><hr><\/div><div class=\"btClear btSeparator topExtraSmallSpaced noBorder\" ><hr><\/div><header class=\"header btClear medium  btNormalDash\" ><div class=\"dash\"><h3><span class=\"headline\">CONTACTO<\/span><\/h3><\/div><\/header><div class=\"btClear btSeparator topExtraSmallSpaced noBorder\" ><hr><\/div><div class=\"btIconImageRow btIconsNormalPosition\" ><span class=\"btIco btIcoDefaultType btIcoSmallSize btIcoDefaultColor   \" ><a href=\"tel:+080023367820\"  target = \"no_target\" data-ico-fa=\"&#xf095;\" class=\"btIcoHolder\"><em><\/em><\/a><span class=\"btIcoText\">01 (999) 294 08 60 y 285 89 59<\/span><\/span><\/div><div class=\"btClear btSeparator topExtraSmallSpaced noBorder\" ><hr><\/div><div class=\"btIconImageRow btIconsNormalPosition\" ><span class=\"btIco btIcoDefaultType btIcoSmallSize btIcoDefaultColor   \" ><a href=\"mailto:sussie.wolff@medicare.com\"  target = \"no_target\" data-ico-fa=\"&#xf003;\" class=\"btIcoHolder\"><em><\/em><\/a><span class=\"btIcoText\">dralbertogarcia@endoscopiamerida.mx<\/span><\/span><\/div><div class=\"btClear btSeparator topExtraSmallSpaced noBorder\" ><hr><\/div><div class=\"btClear btSeparator topSemiSpaced noBorder\" ><hr><\/div>\r\n\t\t<div class=\"btGoogleMapsWrapper\"><div id=\"map_canvas6a03f93bad2c0\" style=\"height:250px;;\" class=\"btGmap\"><\/div><\/div>\r\n\t\t<script type=\"text\/javascript\">\r\n\t\t\tjQuery( document ).ready(function() {\r\n\t\t\t\tbt_gmap_init( map_canvas6a03f93bad2c0, , , 14, \"\", \"\", \"\", \"\", \"\" );\r\n\t\t\t\t});\t\r\n\t\t<\/script>\r\n\t\t<\/div><\/div><div class=\"rowItem col-md-8 col-ms-12 btTextLeft animate animate-fadein inherit btDoublePadding\"  ><div class=\"rowItemContent\" ><div class=\"btClear btSeparator bottomSmallSpaced border\" ><hr><\/div><header class=\"header btClear large  btNormalDash\" ><div class=\"btSuperTitle\"> Especialista en Endoscop\u00eda intervencionista, Ultrasonido endosc\u00f3pico de aparato digestivo y Cirug\u00eda general<\/div><\/header><div class=\"btClear btSeparator bottomSmallSpaced border\" ><hr><\/div><div class=\"boldRow boldInnerRow \" ><div class=\"rowItem rowInnerItem col-md-6  btTextLeft\"  ><div class=\"rowItemContent\"><div class=\"btText\" ><\/p>\n<p><strong>Subespecialidad en Ultrasonido Endosc\u00f3pico de aparato digestivo<\/strong>, Instituto Nacional de Cancerolog\u00eda (INCAN, M\u00e9xico, D.F.)<\/p>\n<p>2009-2010<\/p>\n<p><strong>Subespecialidad en Endoscop\u00eda<\/strong>, Hospital Regional 1\u00ba de Octubre del ISSSTE de la ciudad de M\u00e9xico, DF.<\/p>\n<p>2004-2005<\/p>\n<p><strong>Especialidad en Cirug\u00eda General<\/strong>, <em>Hospital General Dr. Agust\u00edn O&#8217;Hor\u00e1n, M\u00e9rida, Yuc.<\/em><\/p>\n<p>2000-2004<\/p>\n<p><strong>C\u00e9dula de especialidad:<\/strong><\/p>\n<p>4229518<\/p>\n<p>M\u00e9dico endoscopista intervencionista adscrito al Servicio de Endoscop\u00eda del\u00a0 ISSSTE Hospital\u00a0 Regional M\u00e9rida.<\/p>\n<p>Miembro de la Asociaci\u00f3n Mexicana de Endoscopia Gastrointestinal\u00a0 (A.M.E.G.).<\/p>\n<p>\n<\/div><\/div><\/div><div class=\"rowItem rowInnerItem col-md-6  btTextLeft\"  ><div class=\"rowItemContent\"><div class=\"btText\" ><\/p>\n<p>Es egresado de la Facultad de Medicina de la Universidad Aut\u00f3noma de Yucat\u00e1n con especialidad en cirug\u00eda general realizada en el Hospital General Dr. Agust\u00edn O&#8217;Hor\u00e1n de la S.S.A. en la ciudad de M\u00e9rida Yucat\u00e1n, de 2000 al 2004.<\/p>\n<p>De 2004 a 2005 realiza estudios de posgrado, subespecialidad en Endoscop\u00eda, en el Hospital Regional 1\u00ba de Octubre del ISSSTE de la ciudad de M\u00e9xico, D.F. recibiendo t\u00edtulo universitario expedido por la UNAM.<\/p>\n<p>Posteriormente de 2009 a 2010, realiza la Subespecialidad en Ultrasonido Endosc\u00f3pico de aparato digestivo, avalado por el Instituto Nacional de Cancerolog\u00eda (INCAN) y t\u00edtulo universitario expedido por la UNAM.<\/p>\n<p>Es miembro de la Asociaci\u00f3n Mexicana de Endoscopia Gastrointestinal (A.M.E.G.) y pertenece al staff del Servicio de Endoscop\u00eda del ISSSTE, Hospital Regional M\u00e9rida.<\/p>\n<p>Ha participado en diversos cursos, seminarios, y congresos; locales y nacionales, como alumno y ponente.<\/p>\n<p>\n<\/div><\/div><\/div><\/div><div class=\"btClear btSeparator topSmallSpaced bottomSmallSpaced border\" ><hr><\/div><\/div><\/div><\/div><\/div><\/div><\/div><\/div><\/section><\/p>\n","protected":false},"excerpt":{"rendered":"","protected":false},"author":1,"featured_media":0,"parent":1148,"menu_order":0,"comment_status":"closed","ping_status":"closed","template":"","meta":[],"_links":{"self":[{"href":"https:\/\/endoscopiamerida.mx\/en\/wp-json\/wp\/v2\/pages\/10"}],"collection":[{"href":"https:\/\/endoscopiamerida.mx\/en\/wp-json\/wp\/v2\/pages"}],"about":[{"href":"https:\/\/endoscopiamerida.mx\/en\/wp-json\/wp\/v2\/types\/page"}],"author":[{"embeddable":true,"href":"https:\/\/endoscopiamerida.mx\/en\/wp-json\/wp\/v2\/users\/1"}],"replies":[{"embeddable":true,"href":"https:\/\/endoscopiamerida.mx\/en\/wp-json\/wp\/v2\/comments?post=10"}],"version-history":[{"count":11,"href":"https:\/\/endoscopiamerida.mx\/en\/wp-json\/wp\/v2\/pages\/10\/revisions"}],"predecessor-version":[{"id":1595,"href":"https:\/\/endoscopiamerida.mx\/en\/wp-json\/wp\/v2\/pages\/10\/revisions\/1595"}],"up":[{"embeddable":true,"href":"https:\/\/endoscopiamerida.mx\/en\/wp-json\/wp\/v2\/pages\/1148"}],"wp:attachment":[{"href":"https:\/\/endoscopiamerida.mx\/en\/wp-json\/wp\/v2\/media?parent=10"}],"curies":[{"name":"wp","href":"https:\/\/api.w.org\/{rel}","templated":true}]}}